{"id":5224,"date":"2025-07-03T23:05:35","date_gmt":"2025-07-03T21:05:35","guid":{"rendered":"https:\/\/skiclub-bordeaux.com\/wp\/?page_id=5224"},"modified":"2025-10-06T12:13:47","modified_gmt":"2025-10-06T10:13:47","slug":"partenaires","status":"publish","type":"page","link":"https:\/\/skiclub-bordeaux.com\/wp\/partenaires\/","title":{"rendered":"Partenaires"},"content":{"rendered":"\t\t<div data-elementor-type=\"wp-page\" data-elementor-id=\"5224\" class=\"elementor elementor-5224\">\n\t\t\t\t\t\t<section class=\"elementor-section elementor-top-section elementor-element elementor-element-09be7ef elementor-section-content-middle elementor-section-boxed elementor-section-height-default elementor-section-height-default wpr-particle-no wpr-jarallax-no wpr-parallax-no wpr-sticky-section-no wpr-equal-height-no\" data-id=\"09be7ef\" data-element_type=\"section\" data-e-type=\"section\">\n\t\t\t\t\t\t<div class=\"elementor-container elementor-column-gap-default\">\n\t\t\t\t\t<div class=\"elementor-column elementor-col-33 elementor-top-column elementor-element elementor-element-d245de5\" data-id=\"d245de5\" data-element_type=\"column\" data-e-type=\"column\">\n\t\t\t<div class=\"elementor-widget-wrap elementor-element-populated\">\n\t\t\t\t\t\t<div class=\"elementor-element elementor-element-5c5e0c2 elementor-widget elementor-widget-text-editor\" data-id=\"5c5e0c2\" data-element_type=\"widget\" data-e-type=\"widget\" data-widget_type=\"text-editor.default\">\n\t\t\t\t<div class=\"elementor-widget-container\">\n\t\t\t\t\t\t\t\t\t<p><img decoding=\"async\" class=\"alignnone wp-image-4967\" src=\"https:\/\/skiclub-bordeaux.com\/wp\/wp-content\/uploads\/2025\/01\/Sunset_Sport.png\" alt=\"\" width=\"140\" height=\"48\" \/><\/p><p style=\"text-align: center;\">30% de r\u00e9duction<\/p><p>se renseigner au club<\/p>\t\t\t\t\t\t\t\t<\/div>\n\t\t\t\t<\/div>\n\t\t\t\t\t<\/div>\n\t\t<\/div>\n\t\t\t\t<div class=\"elementor-column elementor-col-33 elementor-top-column elementor-element elementor-element-bcaea2e\" data-id=\"bcaea2e\" data-element_type=\"column\" data-e-type=\"column\">\n\t\t\t<div class=\"elementor-widget-wrap elementor-element-populated\">\n\t\t\t\t\t\t<div class=\"elementor-element elementor-element-683b18e elementor-widget elementor-widget-text-editor\" data-id=\"683b18e\" data-element_type=\"widget\" data-e-type=\"widget\" data-widget_type=\"text-editor.default\">\n\t\t\t\t<div class=\"elementor-widget-container\">\n\t\t\t\t\t\t\t\t\t<p><img decoding=\"async\" class=\"alignnone wp-image-5101\" src=\"https:\/\/skiclub-bordeaux.com\/wp\/wp-content\/uploads\/2025\/07\/LOGO_CHULLANKA-300x114.jpg\" alt=\"\" width=\"129\" height=\"49\" data-wp-editing=\"1\" srcset=\"https:\/\/skiclub-bordeaux.com\/wp\/wp-content\/uploads\/2025\/07\/LOGO_CHULLANKA-300x114.jpg 300w, https:\/\/skiclub-bordeaux.com\/wp\/wp-content\/uploads\/2025\/07\/LOGO_CHULLANKA.jpg 330w\" sizes=\"(max-width: 129px) 100vw, 129px\" \/><\/p><p>15% de r\u00e9duction<\/p><p><small>R\u00e9duction de 15 % sur tout le magasin <i>Chullanka<\/i> de M\u00e9rignac, sur pr\u00e9sentation de la licence FFS \u00e9mise au nom du club pour la saison, \u00e0 l&rsquo;exception des produits en promotion, du mat\u00e9riel \u00e9lectronique et de s\u00e9curit\u00e9 neige.<\/small><\/p>\t\t\t\t\t\t\t\t<\/div>\n\t\t\t\t<\/div>\n\t\t\t\t\t<\/div>\n\t\t<\/div>\n\t\t\t\t<div class=\"elementor-column elementor-col-33 elementor-top-column elementor-element elementor-element-39f188d\" data-id=\"39f188d\" data-element_type=\"column\" data-e-type=\"column\">\n\t\t\t<div class=\"elementor-widget-wrap elementor-element-populated\">\n\t\t\t\t\t\t<div class=\"elementor-element elementor-element-49f5df4 elementor-widget elementor-widget-text-editor\" data-id=\"49f5df4\" data-element_type=\"widget\" data-e-type=\"widget\" data-widget_type=\"text-editor.default\">\n\t\t\t\t<div class=\"elementor-widget-container\">\n\t\t\t\t\t\t\t\t\t<p><img decoding=\"async\" class=\"alignnone wp-image-5102\" src=\"https:\/\/skiclub-bordeaux.com\/wp\/wp-content\/uploads\/2025\/07\/Logo-Vieux-campeur-300x252.png\" alt=\"\" width=\"117\" height=\"98\" srcset=\"https:\/\/skiclub-bordeaux.com\/wp\/wp-content\/uploads\/2025\/07\/Logo-Vieux-campeur-300x252.png 300w, https:\/\/skiclub-bordeaux.com\/wp\/wp-content\/uploads\/2025\/07\/Logo-Vieux-campeur-600x505.png 600w, https:\/\/skiclub-bordeaux.com\/wp\/wp-content\/uploads\/2025\/07\/Logo-Vieux-campeur.png 694w\" sizes=\"(max-width: 117px) 100vw, 117px\" \/><\/p><p>12% de r\u00e9duction<\/p><p><small>R\u00e9duction de 12 % sur tous les magasins <i>Au Vieux Campeur<\/i> de Bordeaux, sur pr\u00e9sentation de la licence FFS \u00e9mise au nom du club pour la saison, \u00e0 l&rsquo;exception des produits en promotion, du mat\u00e9riel \u00e9lectronique et de s\u00e9curit\u00e9 neige.<\/small><\/p>\t\t\t\t\t\t\t\t<\/div>\n\t\t\t\t<\/div>\n\t\t\t\t\t<\/div>\n\t\t<\/div>\n\t\t\t\t\t<\/div>\n\t\t<\/section>\n\t\t\t\t<\/div>\n\t\t","protected":false},"excerpt":{"rendered":"<p>30% de r\u00e9duction se renseigner au club 15% de r\u00e9duction R\u00e9duction de 15 % sur tout le magasin Chullanka de M\u00e9rignac, sur pr\u00e9sentation de la licence FFS \u00e9mise au nom du club pour la saison, \u00e0 l&rsquo;exception des produits en promotion, du mat\u00e9riel \u00e9lectronique et de s\u00e9curit\u00e9 neige. 12% de r\u00e9duction R\u00e9duction de 12 % sur tous les magasins Au Vieux Campeur de Bordeaux, sur pr\u00e9sentation de la licence FFS \u00e9mise au nom du club pour la saison, \u00e0 l&rsquo;exception des produits en promotion, du mat\u00e9riel \u00e9lectronique et de s\u00e9curit\u00e9 neige.<\/p>\n","protected":false},"author":5,"featured_media":0,"parent":0,"menu_order":0,"comment_status":"closed","ping_status":"closed","template":"","meta":{"_price":"","_stock":"","_tribe_ticket_header":"","_tribe_default_ticket_provider":"","_tribe_ticket_capacity":"0","_ticket_start_date":"","_ticket_end_date":"","_tribe_ticket_show_description":"","_tribe_ticket_show_not_going":false,"_tribe_ticket_use_global_stock":"","_tribe_ticket_global_stock_level":"","_global_stock_mode":"","_global_stock_cap":"","_tribe_rsvp_for_event":"","_tribe_ticket_going_count":"","_tribe_ticket_not_going_count":"","_tribe_tickets_list":"[]","_tribe_ticket_has_attendee_info_fields":false,"_kadence_starter_templates_imported_post":false,"_kad_post_transparent":"","_kad_post_title":"hide","_kad_post_layout":"fullwidth","_kad_post_sidebar_id":"","_kad_post_content_style":"unboxed","_kad_post_vertical_padding":"hide","_kad_post_feature":"hide","_kad_post_feature_position":"","_kad_post_header":false,"_kad_post_footer":false,"_kad_post_classname":"","footnotes":"","_tec_slr_enabled":"","_tec_slr_layout":""},"categories":[],"tags":[],"class_list":["post-5224","page","type-page","status-publish","hentry"],"ticketed":false,"_links":{"self":[{"href":"https:\/\/skiclub-bordeaux.com\/wp\/wp-json\/wp\/v2\/pages\/5224","targetHints":{"allow":["GET"]}}],"collection":[{"href":"https:\/\/skiclub-bordeaux.com\/wp\/wp-json\/wp\/v2\/pages"}],"about":[{"href":"https:\/\/skiclub-bordeaux.com\/wp\/wp-json\/wp\/v2\/types\/page"}],"author":[{"embeddable":true,"href":"https:\/\/skiclub-bordeaux.com\/wp\/wp-json\/wp\/v2\/users\/5"}],"replies":[{"embeddable":true,"href":"https:\/\/skiclub-bordeaux.com\/wp\/wp-json\/wp\/v2\/comments?post=5224"}],"version-history":[{"count":28,"href":"https:\/\/skiclub-bordeaux.com\/wp\/wp-json\/wp\/v2\/pages\/5224\/revisions"}],"predecessor-version":[{"id":5910,"href":"https:\/\/skiclub-bordeaux.com\/wp\/wp-json\/wp\/v2\/pages\/5224\/revisions\/5910"}],"wp:attachment":[{"href":"https:\/\/skiclub-bordeaux.com\/wp\/wp-json\/wp\/v2\/media?parent=5224"}],"wp:term":[{"taxonomy":"category","embeddable":true,"href":"https:\/\/skiclub-bordeaux.com\/wp\/wp-json\/wp\/v2\/categories?post=5224"},{"taxonomy":"post_tag","embeddable":true,"href":"https:\/\/skiclub-bordeaux.com\/wp\/wp-json\/wp\/v2\/tags?post=5224"}],"curies":[{"name":"wp","href":"https:\/\/api.w.org\/{rel}","templated":true}]}}