{"id":5692,"date":"2025-08-29T23:13:04","date_gmt":"2025-08-29T21:13:04","guid":{"rendered":"https:\/\/skiclub-bordeaux.com\/wp\/?post_type=product&#038;p=5692"},"modified":"2026-01-16T18:44:11","modified_gmt":"2026-01-16T17:44:11","slug":"baqueira-08-au-13-mars-2026","status":"publish","type":"product","link":"https:\/\/skiclub-bordeaux.com\/wp\/produit\/baqueira-08-au-13-mars-2026\/","title":{"rendered":"Baqueira &#8211; 08 au 13 Mars 2026"},"content":{"rendered":"<p>Ce s\u00e9jour comprend :<\/p>\n<ul>\n<li>Un h\u00e9bergement cinq nuits en chambre double, en demi-pension \u00e0 compter du dimanche soir jusqu\u2019au vendredi matin, \u00e0 l<a href=\"https:\/\/www.hoteltucblancbaqueira.com\/?utm_source=google&amp;utm_medium=web&amp;utm_id=googlebusiness\" target=\"_blank\" rel=\"noopener\">\u2019h\u00f4tel Tuc Blanc<\/a> au pied de pistes (piscine) ;<\/li>\n<li>Un forfait remont\u00e9es m\u00e9caniques pour une dur\u00e9e de cinq jours du lundi au vendredi(\u2731 sauf 70 ans et plus qui doivent prendre leur forfait (+ \u00e9ventuellement l\u2019assurance pistes) \u00e0 la caisse des remont\u00e9es m\u00e9caniques, munis de leur pi\u00e8ce d\u2019identit\u00e9<\/li>\n<li>Un encadrement ski assur\u00e9 par des moniteurs de ski FFS du club (facultatif, le matin uniquement).<\/li>\n<li>Le tarif indiqu\u00e9 ne comprend pas le transport, qui est \u00e0 r\u00e9aliser :<br \/>\n+ en autonomie ;<br \/>\n+ en covoiturage (tarif \u00e0 convenir entre les participants). Signalez lors de l\u2019inscription si vous \u00eates \u00e0 la recherche d\u2019un covoiturage ou si vous proposez de transporter une ou plusieurs personnes.<\/li>\n<li>Paiement d\u2019un acompte de 120 \u20ac par personne par carte bancaire ; le solde doit \u00eatre r\u00e9gl\u00e9 avant le d\u00e9part<\/li>\n<li><span style=\"text-decoration: underline;\">NB\u00a0:<\/span> cette sortie \u00e9tant hors de France, nous vous invitons \u00e0 poss\u00e9der une\u00a0<a href=\"https:\/\/skiclub-bordeaux.com\/wp\/assurance-maladie-dans-lue\/\" target=\"_blank\" rel=\"noopener\">Carte Europ\u00e9enne d&rsquo;Assurance Maladie<\/a><\/li>\n<\/ul>\n<p><strong>IMPORTANT :<\/strong> remise de 5 % si inscription avant le 15 janvier<\/p>\n","protected":false},"excerpt":{"rendered":"<div class=\"woocommerce-product-details__short-description\">\n<div><strong>Comment vous inscrire :<\/strong><\/div>\n<p>1 \u2013 Compl\u00e9ter <span style=\"text-decoration: underline;\">un bulletin d\u2019inscription par participant<\/span> en renseignant :<br \/>\n\u2013 Choix de la formule en demi-pension : Adulte avec forfait, Senior plus de 70 ans ou Non skieur.<br \/>\n&#8211; Chambre individuelle<br \/>\n&#8211; Assurance piste<br \/>\n&#8211; Caf\u00e9t\u00e9ria sur les pistes<br \/>\n2 \u2013 Ajouter au panier<br \/>\n3 \u2013 Quand votre panier est complet, valider votre commande.<br \/>\n4 \u2013 V\u00e9rifier votre commande, si tout est correct cliquer sur \u00ab Commander \u00bb. La section club va recevoir votre commande ( vous en recevrez une copie ) et reviendra vers vous en vous envoyant la facture de votre s\u00e9jour.<\/p>\n<\/div>\n","protected":false},"featured_media":5751,"template":"","meta":{"_price":"640","_stock":"","_tribe_ticket_header":"","_tribe_default_ticket_provider":"","_tribe_ticket_capacity":"2","_ticket_start_date":"","_ticket_end_date":"","_tribe_ticket_show_description":"","_tribe_ticket_show_not_going":false,"_tribe_ticket_use_global_stock":"","_tribe_ticket_global_stock_level":"","_global_stock_mode":"","_global_stock_cap":"","_tribe_rsvp_for_event":"","_tribe_ticket_going_count":"","_tribe_ticket_not_going_count":"","_tribe_tickets_list":"[]","_tribe_ticket_has_attendee_info_fields":false,"_kadence_starter_templates_imported_post":false,"_kad_post_transparent":"default","_kad_post_title":"","_kad_post_layout":"default","_kad_post_sidebar_id":"","_kad_post_content_style":"default","_kad_post_vertical_padding":"default","_kad_post_feature":"","_kad_post_feature_position":"","_kad_post_header":false,"_kad_post_footer":false,"_kad_post_classname":""},"product_brand":[],"product_cat":[22],"product_tag":[],"class_list":{"0":"post-5692","1":"product","2":"type-product","3":"status-publish","4":"has-post-thumbnail","6":"product_cat-baqueira","7":"wcpa_has_options","9":"first","10":"instock","11":"shipping-taxable","12":"purchasable","13":"product-type-variable","14":"entry","15":"content-bg","16":"loop-entry"},"_links":{"self":[{"href":"https:\/\/skiclub-bordeaux.com\/wp\/wp-json\/wp\/v2\/product\/5692","targetHints":{"allow":["GET"]}}],"collection":[{"href":"https:\/\/skiclub-bordeaux.com\/wp\/wp-json\/wp\/v2\/product"}],"about":[{"href":"https:\/\/skiclub-bordeaux.com\/wp\/wp-json\/wp\/v2\/types\/product"}],"version-history":[{"count":11,"href":"https:\/\/skiclub-bordeaux.com\/wp\/wp-json\/wp\/v2\/product\/5692\/revisions"}],"predecessor-version":[{"id":5724,"href":"https:\/\/skiclub-bordeaux.com\/wp\/wp-json\/wp\/v2\/product\/5692\/revisions\/5724"}],"wp:featuredmedia":[{"embeddable":true,"href":"https:\/\/skiclub-bordeaux.com\/wp\/wp-json\/wp\/v2\/media\/5751"}],"wp:attachment":[{"href":"https:\/\/skiclub-bordeaux.com\/wp\/wp-json\/wp\/v2\/media?parent=5692"}],"wp:term":[{"taxonomy":"product_brand","embeddable":true,"href":"https:\/\/skiclub-bordeaux.com\/wp\/wp-json\/wp\/v2\/product_brand?post=5692"},{"taxonomy":"product_cat","embeddable":true,"href":"https:\/\/skiclub-bordeaux.com\/wp\/wp-json\/wp\/v2\/product_cat?post=5692"},{"taxonomy":"product_tag","embeddable":true,"href":"https:\/\/skiclub-bordeaux.com\/wp\/wp-json\/wp\/v2\/product_tag?post=5692"}],"curies":[{"name":"wp","href":"https:\/\/api.w.org\/{rel}","templated":true}]}}